{"id":19952,"date":"2023-04-18T14:25:18","date_gmt":"2023-04-18T18:25:18","guid":{"rendered":"https:\/\/wrapmykitchen.com\/es-gt\/?page_id=19952"},"modified":"2024-03-07T12:45:08","modified_gmt":"2024-03-07T17:45:08","slug":"delivery-and-returns","status":"publish","type":"page","link":"https:\/\/wrapmykitchen.com\/es-gt\/delivery-and-returns\/","title":{"rendered":"Delivery &#038; Returns"},"content":{"rendered":"[vc_row type=\u00bbfull_width_background\u00bb full_screen_row_position=\u00bbmiddle\u00bb column_margin=\u00bbdefault\u00bb column_direction=\u00bbdefault\u00bb column_direction_tablet=\u00bbdefault\u00bb column_direction_phone=\u00bbdefault\u00bb bg_image=\u00bb20911&#8243; bg_position=\u00bbcenter center\u00bb background_image_loading=\u00bbdefault\u00bb bg_repeat=\u00bbno-repeat\u00bb scene_position=\u00bbcenter\u00bb top_padding=\u00bb250&#8243; bottom_padding=\u00bb150&#8243; top_padding_tablet=\u00bb100&#8243; bottom_padding_tablet=\u00bb150&#8243; top_padding_phone=\u00bb100&#8243; constrain_group_5=\u00bbyes\u00bb bottom_padding_phone=\u00bb100&#8243; text_color=\u00bblight\u00bb text_align=\u00bbcenter\u00bb row_border_radius=\u00bbnone\u00bb row_border_radius_applies=\u00bbbg\u00bb overflow=\u00bbvisible\u00bb color_overlay=\u00bb#000000&#8243; color_overlay_2=\u00bbrgba(0,0,0,0.21)\u00bb overlay_strength=\u00bb0.3&#8243; gradient_direction=\u00bbleft_to_right\u00bb shape_divider_position=\u00bbbottom\u00bb bg_image_animation=\u00bbnone\u00bb gradient_type=\u00bbdefault\u00bb shape_type=\u00bb\u00bb][vc_column column_padding=\u00bbno-extra-padding\u00bb column_padding_tablet=\u00bbinherit\u00bb column_padding_phone=\u00bbinherit\u00bb column_padding_position=\u00bball\u00bb column_element_direction_desktop=\u00bbdefault\u00bb column_element_spacing=\u00bbdefault\u00bb desktop_text_alignment=\u00bbdefault\u00bb tablet_text_alignment=\u00bbdefault\u00bb phone_text_alignment=\u00bbdefault\u00bb background_color_opacity=\u00bb1&#8243; background_hover_color_opacity=\u00bb1&#8243; column_backdrop_filter=\u00bbnone\u00bb column_shadow=\u00bbnone\u00bb column_border_radius=\u00bbnone\u00bb column_link_target=\u00bb_self\u00bb column_position=\u00bbdefault\u00bb gradient_direction=\u00bbleft_to_right\u00bb overlay_strength=\u00bb0.3&#8243; width=\u00bb1\/1&#8243; tablet_width_inherit=\u00bbdefault\u00bb animation_type=\u00bbdefault\u00bb bg_image_animation=\u00bbnone\u00bb border_type=\u00bbsimple\u00bb column_border_width=\u00bbnone\u00bb column_border_style=\u00bbsolid\u00bb][vc_custom_heading text=\u00bbEntrega y devoluciones\u00bb font_container=\u00bbtag:h1|text_align:center|color:%23ffffff\u00bb use_theme_fonts=\u00bbyes\u00bb css_animation=\u00bbnone\u00bb][\/vc_column][\/vc_row][vc_row type=\u00bbfull_width_background\u00bb full_screen_row_position=\u00bbmiddle\u00bb column_margin=\u00bbdefault\u00bb equal_height=\u00bbyes\u00bb content_placement=\u00bbmiddle\u00bb column_direction=\u00bbdefault\u00bb column_direction_tablet=\u00bbdefault\u00bb column_direction_phone=\u00bbdefault\u00bb scene_position=\u00bbcenter\u00bb top_padding=\u00bb60&#8243; constrain_group_1=\u00bbyes\u00bb bottom_padding=\u00bb60&#8243; text_color=\u00bbdark\u00bb text_align=\u00bbleft\u00bb row_border_radius=\u00bbnone\u00bb row_border_radius_applies=\u00bbbg\u00bb overflow=\u00bbvisible\u00bb id=\u00bbabout\u00bb overlay_strength=\u00bb0.3&#8243; gradient_direction=\u00bbleft_to_right\u00bb shape_divider_position=\u00bbbottom\u00bb bg_image_animation=\u00bbnone\u00bb shape_type=\u00bb\u00bb gradient_type=\u00bbdefault\u00bb][vc_column column_padding=\u00bbpadding-5-percent\u00bb column_padding_tablet=\u00bbinherit\u00bb column_padding_phone=\u00bbinherit\u00bb column_padding_position=\u00bball\u00bb column_element_direction_desktop=\u00bbdefault\u00bb column_element_spacing=\u00bbdefault\u00bb desktop_text_alignment=\u00bbdefault\u00bb tablet_text_alignment=\u00bbdefault\u00bb phone_text_alignment=\u00bbdefault\u00bb background_color_opacity=\u00bb1&#8243; background_hover_color_opacity=\u00bb1&#8243; column_backdrop_filter=\u00bbnone\u00bb column_shadow=\u00bbnone\u00bb column_border_radius=\u00bbnone\u00bb column_link_target=\u00bb_self\u00bb column_position=\u00bbdefault\u00bb gradient_direction=\u00bbleft_to_right\u00bb overlay_strength=\u00bb0.3&#8243; width=\u00bb1\/2&#8243; tablet_width_inherit=\u00bbdefault\u00bb animation_type=\u00bbdefault\u00bb bg_image_animation=\u00bbnone\u00bb border_type=\u00bbsimple\u00bb column_border_width=\u00bbnone\u00bb column_border_style=\u00bbsolid\u00bb column_padding_type=\u00bbdefault\u00bb gradient_type=\u00bbdefault\u00bb][nectar_icon icon_family=\u00bbfontawesome\u00bb icon_style=\u00bbdefault\u00bb icon_color_type=\u00bbcolor_scheme\u00bb icon_color=\u00bbAccent-Color\u00bb icon_padding=\u00bb0px\u00bb pointer_events=\u00bball\u00bb icon_fontawesome=\u00bbfa fa-check-square-o\u00bb icon_size=\u00bb75&#8243;][split_line_heading animation_type=\u00bbline-reveal-by-space\u00bb font_style=\u00bbh4&#8243; text_color=\u00bb#009933&#8243; line_reveal_by_space_text_effect=\u00bbnone\u00bb content_alignment=\u00bbdefault\u00bb mobile_content_alignment=\u00bbinherit\u00bb link_target=\u00bb_self\u00bb text_content=\u00bbDado que el producto enviado se corta seg\u00fan las dimensiones precisas proporcionadas por el cliente, nos resulta dif\u00edcil aceptar devoluciones.\u00bb text_direction=\u00bbdefault\u00bb][\/split_line_heading][vc_column_text text_direction=\u00bbdefault\u00bb]Sugerimos que pidas muestras para verificar los colores y acabados con tu entorno. Tu satisfacci\u00f3n es importante para nosotros. Si has recibido un producto que se supon\u00eda que era compatible con tu superficie pero no lo es, cont\u00e1ctanos y encontraremos una soluci\u00f3n contigo.[\/vc_column_text][vc_column_text text_direction=\u00bbdefault\u00bb]<strong>Ten en cuenta:<\/strong><\/p>\n<ul>\n<li>Todos los reembolsos se emiten seg\u00fan el m\u00e9todo de pago original.<\/li>\n<li>Los gastos de env\u00edo y transporte no son reembolsables y los gastos de devoluci\u00f3n deben ser asumidos por el cliente.<\/li>\n<li>Se deducir\u00e1 un 15% de tarifa de reposici\u00f3n del reembolso.<\/li>\n<li>Tienes 30 d\u00edas para devolver el producto con la condici\u00f3n de que no haya sido usado y se entregue completo.<\/li>\n<li>La mercanc\u00eda debe ser devuelta en buen estado y en su embalaje original. Debes devolver todos los accesorios incluidos en el embalaje.<\/li>\n<li>El kit de prueba no puede ser reembolsado, ya que es un art\u00edculo de pedido especial.<\/li>\n<\/ul>\n[\/vc_column_text][vc_column_text text_direction=\u00bbdefault\u00bb]\n<h5>Contactos<\/h5>\n[\/vc_column_text][vc_column_text max_width=\u00bb750&#8243;]<strong>E-mail:<\/strong>\u00a0<a href=\"mailto:infoflorida@wrapmykitchen.com\">infoflorida@wrapmykitchen.com<\/a><br \/>\n<strong>Toll-free:<\/strong>\u00a0<a href=\"tel:18559299727\">+1 (855) 929-9727<\/a>[\/vc_column_text][\/vc_column][vc_column column_padding=\u00bbpadding-10-percent\u00bb column_padding_tablet=\u00bbinherit\u00bb column_padding_phone=\u00bbinherit\u00bb column_padding_position=\u00bball\u00bb column_element_direction_desktop=\u00bbdefault\u00bb column_element_spacing=\u00bbdefault\u00bb desktop_text_alignment=\u00bbdefault\u00bb tablet_text_alignment=\u00bbdefault\u00bb phone_text_alignment=\u00bbdefault\u00bb background_color_opacity=\u00bb1&#8243; background_hover_color_opacity=\u00bb1&#8243; background_image=\u00bb20909&#8243; background_image_position=\u00bbcenter center\u00bb background_image_stacking=\u00bbdefault\u00bb enable_bg_scale=\u00bbtrue\u00bb background_image_loading=\u00bbdefault\u00bb column_backdrop_filter=\u00bbnone\u00bb column_shadow=\u00bbnone\u00bb column_border_radius=\u00bbnone\u00bb column_link_target=\u00bb_self\u00bb column_position=\u00bbdefault\u00bb gradient_direction=\u00bbleft_to_right\u00bb overlay_strength=\u00bb0.3&#8243; width=\u00bb1\/2&#8243; tablet_width_inherit=\u00bbdefault\u00bb animation_type=\u00bbdefault\u00bb bg_image_animation=\u00bbnone\u00bb border_type=\u00bbsimple\u00bb column_border_width=\u00bbnone\u00bb column_border_style=\u00bbsolid\u00bb column_padding_type=\u00bbdefault\u00bb gradient_type=\u00bbdefault\u00bb][divider line_type=\u00bbNo Line\u00bb custom_height=\u00bb300&#8243;][\/vc_column][\/vc_row]\n","protected":false},"excerpt":{"rendered":"<p>[vc_row type=\u00bbfull_width_background\u00bb full_screen_row_position=\u00bbmiddle\u00bb column_margin=\u00bbdefault\u00bb column_direction=\u00bbdefault\u00bb column_direction_tablet=\u00bbdefault\u00bb column_direction_phone=\u00bbdefault\u00bb bg_image=\u00bb20911&#8243; bg_position=\u00bbcenter center\u00bb background_image_loading=\u00bbdefault\u00bb bg_repeat=\u00bbno-repeat\u00bb scene_position=\u00bbcenter\u00bb top_padding=\u00bb250&#8243; bottom_padding=\u00bb150&#8243; top_padding_tablet=\u00bb100&#8243; bottom_padding_tablet=\u00bb150&#8243; top_padding_phone=\u00bb100&#8243; constrain_group_5=\u00bbyes\u00bb bottom_padding_phone=\u00bb100&#8243; text_color=\u00bblight\u00bb text_align=\u00bbcenter\u00bb row_border_radius=\u00bbnone\u00bb row_border_radius_applies=\u00bbbg\u00bb overflow=\u00bbvisible\u00bb color_overlay=\u00bb#000000&#8243; color_overlay_2=\u00bbrgba(0,0,0,0.21)\u00bb overlay_strength=\u00bb0.3&#8243; gradient_direction=\u00bbleft_to_right\u00bb shape_divider_position=\u00bbbottom\u00bb bg_image_animation=\u00bbnone\u00bb gradient_type=\u00bbdefault\u00bb shape_type=\u00bb\u00bb][vc_column column_padding=\u00bbno-extra-padding\u00bb column_padding_tablet=\u00bbinherit\u00bb column_padding_phone=\u00bbinherit\u00bb column_padding_position=\u00bball\u00bb column_element_direction_desktop=\u00bbdefault\u00bb column_element_spacing=\u00bbdefault\u00bb desktop_text_alignment=\u00bbdefault\u00bb tablet_text_alignment=\u00bbdefault\u00bb phone_text_alignment=\u00bbdefault\u00bb background_color_opacity=\u00bb1&#8243; background_hover_color_opacity=\u00bb1&#8243; column_backdrop_filter=\u00bbnone\u00bb column_shadow=\u00bbnone\u00bb column_border_radius=\u00bbnone\u00bb column_link_target=\u00bb_self\u00bb column_position=\u00bbdefault\u00bb gradient_direction=\u00bbleft_to_right\u00bb&#8230;<\/p>\n","protected":false},"author":2,"featured_media":0,"parent":0,"menu_order":0,"comment_status":"closed","ping_status":"closed","template":"","meta":{"_acf_changed":false,"footnotes":""},"class_list":["post-19952","page","type-page","status-publish"],"acf":[],"_links":{"self":[{"href":"https:\/\/wrapmykitchen.com\/es-gt\/wp-json\/wp\/v2\/pages\/19952","targetHints":{"allow":["GET"]}}],"collection":[{"href":"https:\/\/wrapmykitchen.com\/es-gt\/wp-json\/wp\/v2\/pages"}],"about":[{"href":"https:\/\/wrapmykitchen.com\/es-gt\/wp-json\/wp\/v2\/types\/page"}],"author":[{"embeddable":true,"href":"https:\/\/wrapmykitchen.com\/es-gt\/wp-json\/wp\/v2\/users\/2"}],"replies":[{"embeddable":true,"href":"https:\/\/wrapmykitchen.com\/es-gt\/wp-json\/wp\/v2\/comments?post=19952"}],"version-history":[{"count":0,"href":"https:\/\/wrapmykitchen.com\/es-gt\/wp-json\/wp\/v2\/pages\/19952\/revisions"}],"wp:attachment":[{"href":"https:\/\/wrapmykitchen.com\/es-gt\/wp-json\/wp\/v2\/media?parent=19952"}],"curies":[{"name":"wp","href":"https:\/\/api.w.org\/{rel}","templated":true}]}}