{"id":3,"date":"2023-03-23T09:30:51","date_gmt":"2023-03-23T13:30:51","guid":{"rendered":"https:\/\/wrapmykitchen.com\/es-gt\/?page_id=3"},"modified":"2024-03-07T16:28:59","modified_gmt":"2024-03-07T21:28:59","slug":"privacy-policy","status":"publish","type":"page","link":"https:\/\/wrapmykitchen.com\/es-gt\/privacy-policy\/","title":{"rendered":"Pol\u00edtica de privacidad"},"content":{"rendered":"[vc_row type=\u00bbin_container\u00bb full_screen_row_position=\u00bbmiddle\u00bb column_margin=\u00bbdefault\u00bb column_direction=\u00bbdefault\u00bb column_direction_tablet=\u00bbdefault\u00bb column_direction_phone=\u00bbdefault\u00bb scene_position=\u00bbcenter\u00bb text_color=\u00bbdark\u00bb text_align=\u00bbleft\u00bb row_border_radius=\u00bbnone\u00bb row_border_radius_applies=\u00bbbg\u00bb overflow=\u00bbvisible\u00bb overlay_strength=\u00bb0.3&#8243; gradient_direction=\u00bbleft_to_right\u00bb shape_divider_position=\u00bbbottom\u00bb bg_image_animation=\u00bbnone\u00bb][vc_column column_padding=\u00bbno-extra-padding\u00bb column_padding_tablet=\u00bbinherit\u00bb column_padding_phone=\u00bbinherit\u00bb column_padding_position=\u00bball\u00bb column_element_direction_desktop=\u00bbdefault\u00bb column_element_spacing=\u00bbdefault\u00bb desktop_text_alignment=\u00bbdefault\u00bb tablet_text_alignment=\u00bbdefault\u00bb phone_text_alignment=\u00bbdefault\u00bb background_color_opacity=\u00bb1&#8243; background_hover_color_opacity=\u00bb1&#8243; column_backdrop_filter=\u00bbnone\u00bb column_shadow=\u00bbnone\u00bb column_border_radius=\u00bbnone\u00bb column_link_target=\u00bb_self\u00bb column_position=\u00bbdefault\u00bb gradient_direction=\u00bbleft_to_right\u00bb overlay_strength=\u00bb0.3&#8243; width=\u00bb1\/1&#8243; tablet_width_inherit=\u00bbdefault\u00bb animation_type=\u00bbdefault\u00bb bg_image_animation=\u00bbnone\u00bb border_type=\u00bbsimple\u00bb column_border_width=\u00bbnone\u00bb column_border_style=\u00bbsolid\u00bb][vc_column_text text_direction=\u00bbdefault\u00bb]\u00bb\u00daltima actualizaci\u00f3n: 14 de enero de 2024<\/p>\n<p><strong>Introducci\u00f3n<\/strong><\/p>\n<p>Bienvenido al sitio web de Wrap My Kitchen (\u00abnosotros\u00bb, \u00abnuestro\u00bb, \u00abnuestra empresa\u00bb). Estamos dedicados a proteger la privacidad de nuestros visitantes y clientes. Esta Pol\u00edtica de Privacidad explica c\u00f3mo recopilamos, utilizamos y compartimos su informaci\u00f3n personal cuando visita nuestro sitio web o utiliza nuestros servicios.<\/p>\n<p><strong>Recopilaci\u00f3n de informaci\u00f3n personal<\/strong><\/p>\n<p><strong>Informaci\u00f3n que proporciona<\/strong><\/p>\n<p>Cuando interact\u00faa con nuestro sitio web o servicios, puede optar por proporcionarnos informaci\u00f3n personal, como su nombre, direcci\u00f3n de correo electr\u00f3nico, n\u00famero de tel\u00e9fono y otra informaci\u00f3n relevante. Puede proporcionarnos esta informaci\u00f3n al completar formularios en nuestro sitio web, suscribirse a nuestro bolet\u00edn o comunicarse con nosotros por correo electr\u00f3nico.<\/p>\n<p><strong>Informaci\u00f3n recopilada autom\u00e1ticamente<\/strong><\/p>\n<p>Cuando visita nuestro sitio web, recopilamos autom\u00e1ticamente cierta informaci\u00f3n t\u00e9cnica, como su direcci\u00f3n IP, el tipo de navegador que est\u00e1 utilizando, las p\u00e1ginas que visita y los horarios de acceso. Utilizamos esta informaci\u00f3n para mejorar la calidad de nuestro sitio web, analizar tendencias y administrar el sitio.<\/p>\n<p><strong>Uso de su informaci\u00f3n<\/strong><\/p>\n<p><strong>Utilizamos su informaci\u00f3n personal para los siguientes fines:<\/strong><\/p>\n<ol>\n<li>Proporcionar y mejorar nuestros servicios.<\/li>\n<li>Informarle sobre nuestros productos, servicios, promociones y ofertas especiales.<\/li>\n<li>Responder a sus solicitudes y preguntas.<\/li>\n<li>Gestionar su cuenta de cliente, si corresponde.<\/li>\n<li>Analizar el uso de nuestro sitio web y mejorar su contenido.<\/li>\n<\/ol>\n<p><strong>Compartir su informaci\u00f3n<\/strong><\/p>\n<p>No compartimos su informaci\u00f3n personal con terceros no afiliados, excepto en las siguientes circunstancias:<\/p>\n<ol>\n<li>Con su consentimiento expl\u00edcito.<\/li>\n<li>Para cumplir con obligaciones legales.<\/li>\n<li>Con proveedores de servicios externos que nos ayudan a proporcionar nuestros servicios (por ejemplo, alojamiento web, herramientas de an\u00e1lisis).<\/li>\n<li>Para proteger nuestros derechos, la seguridad de nuestros usuarios o en el curso de investigaciones legales.<\/li>\n<\/ol>\n<p><strong>Cookies y tecnolog\u00edas similares<\/strong><\/p>\n<p>Utilizamos cookies y tecnolog\u00edas similares para recopilar autom\u00e1ticamente informaci\u00f3n cuando visita nuestro sitio web. Puede configurar su navegador para rechazar las cookies, pero esto puede afectar ciertas funciones de nuestro sitio.<\/p>\n<p><strong>Sus derechos<\/strong><\/p>\n<p>Usted tiene ciertos derechos con respecto a su informaci\u00f3n personal, incluidos:<\/p>\n<ol>\n<li>Acceso a su informaci\u00f3n personal.<\/li>\n<li>Actualizaci\u00f3n o correcci\u00f3n de su informaci\u00f3n personal.<\/li>\n<li>Solicitar la eliminaci\u00f3n de su informaci\u00f3n personal.<\/li>\n<li>Oponerse al procesamiento de su informaci\u00f3n personal con fines de marketing.<\/li>\n<\/ol>\n<p><strong>Seguridad de los datos<\/strong><\/p>\n<p>Tomamos medidas razonables para proteger su informaci\u00f3n personal contra p\u00e9rdida, acceso no autorizado, divulgaci\u00f3n, alteraci\u00f3n o destrucci\u00f3n. Sin embargo, ning\u00fan m\u00e9todo de transmisi\u00f3n o almacenamiento de datos en l\u00ednea es completamente seguro.<\/p>\n<p><strong>Cambios en esta pol\u00edtica<\/strong><\/p>\n<p>Nos reservamos el derecho de actualizar esta Pol\u00edtica de Privacidad en cualquier momento. Los cambios se publicar\u00e1n en esta p\u00e1gina con una fecha de actualizaci\u00f3n. Le recomendamos que consulte esta p\u00e1gina regularmente para mantenerse informado de cualquier cambio.<\/p>\n<p><strong>Cont\u00e1ctenos<\/strong><\/p>\n<p>Si tiene preguntas sobre esta Pol\u00edtica de Privacidad o si desea ejercer sus derechos de protecci\u00f3n de datos, comun\u00edquese con nosotros en la siguiente direcci\u00f3n:<\/p>\n<p>Wrap My Kitchen Florida<br \/>\n1249 Stirling Road, Suite \u22d59<br \/>\nDania Beach, FL, 33004<br \/>\n<a href=\"tel:1-855-929-9727\">1-855-929-WRAP (9727)<\/a><br \/>\n<a href=\"mailto:infoflorida@wrapmykitchen.com\">infoflorida@wrapmykitchen.com<\/a>[\/vc_column_text][\/vc_column][\/vc_row]\n","protected":false},"excerpt":{"rendered":"<p>[vc_row type=\u00bbin_container\u00bb full_screen_row_position=\u00bbmiddle\u00bb column_margin=\u00bbdefault\u00bb column_direction=\u00bbdefault\u00bb column_direction_tablet=\u00bbdefault\u00bb column_direction_phone=\u00bbdefault\u00bb scene_position=\u00bbcenter\u00bb text_color=\u00bbdark\u00bb text_align=\u00bbleft\u00bb row_border_radius=\u00bbnone\u00bb row_border_radius_applies=\u00bbbg\u00bb overflow=\u00bbvisible\u00bb overlay_strength=\u00bb0.3&#8243; gradient_direction=\u00bbleft_to_right\u00bb shape_divider_position=\u00bbbottom\u00bb bg_image_animation=\u00bbnone\u00bb][vc_column column_padding=\u00bbno-extra-padding\u00bb column_padding_tablet=\u00bbinherit\u00bb column_padding_phone=\u00bbinherit\u00bb column_padding_position=\u00bball\u00bb column_element_direction_desktop=\u00bbdefault\u00bb column_element_spacing=\u00bbdefault\u00bb desktop_text_alignment=\u00bbdefault\u00bb tablet_text_alignment=\u00bbdefault\u00bb phone_text_alignment=\u00bbdefault\u00bb background_color_opacity=\u00bb1&#8243; background_hover_color_opacity=\u00bb1&#8243; column_backdrop_filter=\u00bbnone\u00bb column_shadow=\u00bbnone\u00bb column_border_radius=\u00bbnone\u00bb column_link_target=\u00bb_self\u00bb column_position=\u00bbdefault\u00bb gradient_direction=\u00bbleft_to_right\u00bb overlay_strength=\u00bb0.3&#8243; width=\u00bb1\/1&#8243; tablet_width_inherit=\u00bbdefault\u00bb animation_type=\u00bbdefault\u00bb bg_image_animation=\u00bbnone\u00bb border_type=\u00bbsimple\u00bb column_border_width=\u00bbnone\u00bb column_border_style=\u00bbsolid\u00bb][vc_column_text text_direction=\u00bbdefault\u00bb]\u00bb\u00daltima actualizaci\u00f3n: 14 de enero de 2024 Introducci\u00f3n&#8230;<\/p>\n","protected":false},"author":1,"featured_media":0,"parent":0,"menu_order":0,"comment_status":"closed","ping_status":"closed","template":"","meta":{"_acf_changed":false,"footnotes":""},"class_list":["post-3","page","type-page","status-publish"],"acf":[],"_links":{"self":[{"href":"https:\/\/wrapmykitchen.com\/es-gt\/wp-json\/wp\/v2\/pages\/3","targetHints":{"allow":["GET"]}}],"collection":[{"href":"https:\/\/wrapmykitchen.com\/es-gt\/wp-json\/wp\/v2\/pages"}],"about":[{"href":"https:\/\/wrapmykitchen.com\/es-gt\/wp-json\/wp\/v2\/types\/page"}],"author":[{"embeddable":true,"href":"https:\/\/wrapmykitchen.com\/es-gt\/wp-json\/wp\/v2\/users\/1"}],"replies":[{"embeddable":true,"href":"https:\/\/wrapmykitchen.com\/es-gt\/wp-json\/wp\/v2\/comments?post=3"}],"version-history":[{"count":0,"href":"https:\/\/wrapmykitchen.com\/es-gt\/wp-json\/wp\/v2\/pages\/3\/revisions"}],"wp:attachment":[{"href":"https:\/\/wrapmykitchen.com\/es-gt\/wp-json\/wp\/v2\/media?parent=3"}],"curies":[{"name":"wp","href":"https:\/\/api.w.org\/{rel}","templated":true}]}}